{"id":88,"date":"2015-11-15T00:13:17","date_gmt":"2015-11-14T23:13:17","guid":{"rendered":"http:\/\/www.bdp-asgard.de\/WP\/?page_id=88"},"modified":"2025-05-24T19:09:21","modified_gmt":"2025-05-24T17:09:21","slug":"yggdrasil","status":"publish","type":"page","link":"https:\/\/www.bdp-asgard.de\/WP\/beispiel-seite\/yggdrasil\/","title":{"rendered":"Yggdrasil"},"content":{"rendered":"<div id=\"content\" class=\"eleven columns\">\n<section id=\"post-content\">\n<div class=\"region region-content\">\n<div id=\"block-system-main\" class=\"block block-system\">\n<div class=\"block-inner clearfix\">\n<div class=\"block-content\">\n<article id=\"node-19\" class=\"node node-page node-full clearfix\">\n<div class=\"field field-name-body field-type-text-with-summary field-label-hidden\">\n<div class=\"field-items\">\n<div class=\"field-item even\">\n<p>Seit bald zehn Jahren ist unser Blockhaus Phoenix auf unserem Grundst\u00fcck Yggdrasil aus der Asche auferstanden. Yggdrasil besteht aus einer Freiluftwerkstatt, vier Bauw\u00e4gen, einem Sanit\u00e4rkontainer, einem Materialkontainer und einer Au\u00dfenk\u00fcche.<\/p>\n<p>Unsere Adresse <em>Kurt-Schumacherstr. 13B<\/em> liegt direkt am Rand vom Reichswald und neben dem Sportplatz der Spielvereinigung Erlangen.<\/p>\n<p>Genutzt wird das Grundst\u00fcck w\u00f6chentlich f\u00fcr unsere Gruppenstunden und regelm\u00e4\u00dfig von anderen Gruppen oder Aktionen. Bei Interesse meldet euch bei den <a href=\"https:\/\/www.bdp-asgard.de\/WP\/?page_id=63\">RRs<\/a> oder der <a href=\"https:\/\/www.bdp-asgard.de\/WP\/?page_id=61\">Stammesleitung<\/a> oder beim <a href=\"https:\/\/www.bdp-asgard.de\/WP\/?page_id=160\">Kontakformular<\/a>.<\/p>\n<p><a class=\"ext\" href=\"https:\/\/maps.google.com\/maps?f=q&amp;source=embed&amp;hl=de&amp;geocode=&amp;q=Kurt-Schumacher-Stra%C3%9Fe+13B,+Erlangen,+Deutschland&amp;aq=0&amp;oq=Kurt-Schumacherstr.13B,&amp;sll=37.0625,-95.677068&amp;sspn=51.974572,79.013672&amp;t=h&amp;ie=UTF8&amp;hq=&amp;hnear=Kurt-Schumacher-Stra%C3%9Fe+13B,+91052+Erlangen,+Mittelfranken,+Bayern,+Deutschland&amp;ll=49.58898,11.03533&amp;spn=0.000927,0.001206&amp;z=14\" target=\"_blank\" rel=\"noopener noreferrer\">Google Maps: Unser Stammesheim <\/a><\/p>\n<\/div>\n<\/div>\n<\/div>\n<\/article>\n<\/div>\n<\/div>\n<\/div>\n<\/div>\n<\/section>\n<\/div>\n\n\n<figure class=\"wp-block-image\"><img loading=\"lazy\" decoding=\"async\" width=\"900\" height=\"599\" src=\"https:\/\/www.bdp-asgard.de\/WP\/wp-content\/uploads\/2015\/11\/DSC06468.jpg\" alt=\"\" class=\"wp-image-43\" srcset=\"https:\/\/www.bdp-asgard.de\/WP\/wp-content\/uploads\/2015\/11\/DSC06468.jpg 900w, https:\/\/www.bdp-asgard.de\/WP\/wp-content\/uploads\/2015\/11\/DSC06468-300x200.jpg 300w\" sizes=\"auto, (max-width: 900px) 100vw, 900px\" \/><figcaption class=\"wp-element-caption\">Yggdrasil &amp; Ph\u00f6nix<\/figcaption><\/figure>\n\n\n\n<p><\/p>\n\n\n\n<figure class=\"wp-block-gallery has-nested-images columns-default is-cropped wp-block-gallery-1 is-layout-flex wp-block-gallery-is-layout-flex\">\n<figure class=\"wp-block-image size-large\"><a href=\"https:\/\/www.bdp-asgard.de\/WP\/wp-content\/uploads\/2025\/05\/1000080324-scaled.jpg\"><img loading=\"lazy\" decoding=\"async\" width=\"1024\" height=\"771\" data-id=\"875\" src=\"https:\/\/www.bdp-asgard.de\/WP\/wp-content\/uploads\/2025\/05\/1000080324-1024x771.jpg\" alt=\"\" class=\"wp-image-875\" srcset=\"https:\/\/www.bdp-asgard.de\/WP\/wp-content\/uploads\/2025\/05\/1000080324-1024x771.jpg 1024w, https:\/\/www.bdp-asgard.de\/WP\/wp-content\/uploads\/2025\/05\/1000080324-300x226.jpg 300w, https:\/\/www.bdp-asgard.de\/WP\/wp-content\/uploads\/2025\/05\/1000080324-768x578.jpg 768w, https:\/\/www.bdp-asgard.de\/WP\/wp-content\/uploads\/2025\/05\/1000080324-1536x1157.jpg 1536w, https:\/\/www.bdp-asgard.de\/WP\/wp-content\/uploads\/2025\/05\/1000080324-2048x1542.jpg 2048w\" sizes=\"auto, (max-width: 1024px) 100vw, 1024px\" \/><\/a><\/figure>\n<\/figure>\n\n\n\n<p>Das Eckwabeck:<\/p>\n\n\n\n<p>Es gibt keinen anderen Ort am Grundst\u00fcck, der sich so nach URRlaub anf\u00fchlt. Sobald man das Eckwabeck betritt, hat man das Gef\u00fchl mit seinen Freunden im Strandurlaub zu sein. Es ist ein Ort, an dem die RRs die Verantwortung f\u00fcr einen Moment beiseite legen k\u00f6nnen und zusammen lachen, grillen, spielen und Jucks treiben k\u00f6nnen. Aktuell entstehen jeden Tag neue Ideen, wie man diese neue Ecke noch sch\u00f6ner gestalten kann, darum wird es hier mit Sicherheit erstmal nicht langweilig werden.<\/p>\n\n\n\n<p><\/p>\n\n\n\n<p><\/p>\n\n\n\n<figure class=\"wp-block-gallery has-nested-images columns-default is-cropped wp-block-gallery-2 is-layout-flex wp-block-gallery-is-layout-flex\">\n<figure class=\"wp-block-image size-large\"><a href=\"https:\/\/www.bdp-asgard.de\/WP\/wp-content\/uploads\/2025\/05\/1000080336-scaled.jpg\"><img loading=\"lazy\" decoding=\"async\" width=\"1024\" height=\"771\" data-id=\"876\" src=\"https:\/\/www.bdp-asgard.de\/WP\/wp-content\/uploads\/2025\/05\/1000080336-1024x771.jpg\" alt=\"\" class=\"wp-image-876\" srcset=\"https:\/\/www.bdp-asgard.de\/WP\/wp-content\/uploads\/2025\/05\/1000080336-1024x771.jpg 1024w, https:\/\/www.bdp-asgard.de\/WP\/wp-content\/uploads\/2025\/05\/1000080336-300x226.jpg 300w, https:\/\/www.bdp-asgard.de\/WP\/wp-content\/uploads\/2025\/05\/1000080336-768x578.jpg 768w, https:\/\/www.bdp-asgard.de\/WP\/wp-content\/uploads\/2025\/05\/1000080336-1536x1157.jpg 1536w, https:\/\/www.bdp-asgard.de\/WP\/wp-content\/uploads\/2025\/05\/1000080336-2048x1542.jpg 2048w\" sizes=\"auto, (max-width: 1024px) 100vw, 1024px\" \/><\/a><\/figure>\n<\/figure>\n\n\n\n<p>Das Baumhaus:<\/p>\n\n\n\n<p>Das Baumhaus ist ein Ort zum Chillen, Lesen und Entspannen.Es gibt ein nices Sofa auf &gt;2,5m H\u00f6he und eine Camouflage Wand, durch die man das Dach des Schuppens sehen kann.Einmal sa\u00dfen ein paar Meutlinge im Baumhaus, als eine fette Hornisse vorbeikam, doch sie flog wieder weg ohne ernsthafte Verletzungen zu hinterlassen. Somit ist das Baumhaus zu einem sicheren R\u00fcckzugsort f\u00fcr jeden Pfadi geworden.<\/p>\n\n\n\n<p><\/p>\n\n\n\n<p><\/p>\n\n\n\n<figure class=\"wp-block-gallery has-nested-images columns-default is-cropped wp-block-gallery-3 is-layout-flex wp-block-gallery-is-layout-flex\">\n<figure class=\"wp-block-image size-large\"><a href=\"https:\/\/www.bdp-asgard.de\/WP\/wp-content\/uploads\/2025\/05\/1000080332-scaled.jpg\"><img loading=\"lazy\" decoding=\"async\" width=\"1024\" height=\"771\" data-id=\"877\" src=\"https:\/\/www.bdp-asgard.de\/WP\/wp-content\/uploads\/2025\/05\/1000080332-1024x771.jpg\" alt=\"\" class=\"wp-image-877\" srcset=\"https:\/\/www.bdp-asgard.de\/WP\/wp-content\/uploads\/2025\/05\/1000080332-1024x771.jpg 1024w, https:\/\/www.bdp-asgard.de\/WP\/wp-content\/uploads\/2025\/05\/1000080332-300x226.jpg 300w, https:\/\/www.bdp-asgard.de\/WP\/wp-content\/uploads\/2025\/05\/1000080332-768x578.jpg 768w, https:\/\/www.bdp-asgard.de\/WP\/wp-content\/uploads\/2025\/05\/1000080332-1536x1157.jpg 1536w, https:\/\/www.bdp-asgard.de\/WP\/wp-content\/uploads\/2025\/05\/1000080332-2048x1542.jpg 2048w\" sizes=\"auto, (max-width: 1024px) 100vw, 1024px\" \/><\/a><\/figure>\n<\/figure>\n\n\n\n<p>Das Sonnendeck:<\/p>\n\n\n\n<p>Der perfekte Ort im Sommer um sich zu entspannen f\u00fcr Sipplinge und RRs, ist ohne zu diskutieren, das Sonnendeck. Auf diesem Kann man sich br\u00e4unen und mit einer Spezi oder Mate die Sonne genie\u00dfen. Gelegentlich f\u00e4hrt ein Fahrradfahrer neidisch den Fahrradweg neben unserem Grundst\u00fcck entlang. Einige Jahre nachdem wir das ehemalige Sonnendeck abgerissen haben, steht nun ein neues an selber Ort und Stelle, bereit f\u00fcr neue, einzigartige Abende.<\/p>\n\n\n\n<p><\/p>\n\n\n\n<p><\/p>\n\n\n\n<figure class=\"wp-block-gallery has-nested-images columns-default is-cropped wp-block-gallery-4 is-layout-flex wp-block-gallery-is-layout-flex\">\n<figure class=\"wp-block-image size-large\"><a href=\"https:\/\/www.bdp-asgard.de\/WP\/wp-content\/uploads\/2025\/05\/1000080345-scaled.jpg\"><img loading=\"lazy\" decoding=\"async\" width=\"1024\" height=\"771\" data-id=\"878\" src=\"https:\/\/www.bdp-asgard.de\/WP\/wp-content\/uploads\/2025\/05\/1000080345-1024x771.jpg\" alt=\"\" class=\"wp-image-878\" srcset=\"https:\/\/www.bdp-asgard.de\/WP\/wp-content\/uploads\/2025\/05\/1000080345-1024x771.jpg 1024w, https:\/\/www.bdp-asgard.de\/WP\/wp-content\/uploads\/2025\/05\/1000080345-300x226.jpg 300w, https:\/\/www.bdp-asgard.de\/WP\/wp-content\/uploads\/2025\/05\/1000080345-768x578.jpg 768w, https:\/\/www.bdp-asgard.de\/WP\/wp-content\/uploads\/2025\/05\/1000080345-1536x1157.jpg 1536w, https:\/\/www.bdp-asgard.de\/WP\/wp-content\/uploads\/2025\/05\/1000080345-2048x1542.jpg 2048w\" sizes=\"auto, (max-width: 1024px) 100vw, 1024px\" \/><\/a><\/figure>\n<\/figure>\n\n\n\n<p>Der Sippenbauwagen:<\/p>\n\n\n\n<p>Der Sippenbauwagen ist ein super entspannter Ort zum chillen, da er nicht sonderlich gro\u00df ist, was aber ein gem\u00fctliches Ambiente ausstrahlt. Die Matratze am Ende hat schon viele Sippen\u00fcbernachtungen miterlebt und ist auch so n\u00fctzlich um einfach dort zu chillen. Die Kombination aus Tisch und St\u00fchlen und Sofa ist \u00e4u\u00dferst praktisch da man dann auch etwas Produktives machen oder einfach etwas essen kann. Was unser Sippenbauwagen auch noch als chilligen Ort hat ist die Veranda, wo ein paar St\u00fchle stehen und eine H\u00e4ngematte befestigt ist.<\/p>\n","protected":false},"excerpt":{"rendered":"<p>Seit bald zehn Jahren ist unser Blockhaus Phoenix auf unserem Grundst\u00fcck Yggdrasil aus der Asche auferstanden. Yggdrasil besteht aus einer Freiluftwerkstatt, vier Bauw\u00e4gen, einem Sanit\u00e4rkontainer, einem Materialkontainer und einer Au\u00dfenk\u00fcche. Unsere Adresse Kurt-Schumacherstr. 13B liegt direkt am Rand vom Reichswald und neben dem Sportplatz der Spielvereinigung Erlangen. Genutzt wird das Grundst\u00fcck w\u00f6chentlich f\u00fcr unsere Gruppenstunden &hellip; <a href=\"https:\/\/www.bdp-asgard.de\/WP\/beispiel-seite\/yggdrasil\/\" class=\"more-link\"><span class=\"screen-reader-text\">Yggdrasil<\/span> weiterlesen <span class=\"meta-nav\">&rarr;<\/span><\/a><\/p>\n","protected":false},"author":2,"featured_media":0,"parent":2,"menu_order":6,"comment_status":"closed","ping_status":"closed","template":"","meta":{"footnotes":""},"class_list":["post-88","page","type-page","status-publish","hentry"],"_links":{"self":[{"href":"https:\/\/www.bdp-asgard.de\/WP\/wp-json\/wp\/v2\/pages\/88","targetHints":{"allow":["GET"]}}],"collection":[{"href":"https:\/\/www.bdp-asgard.de\/WP\/wp-json\/wp\/v2\/pages"}],"about":[{"href":"https:\/\/www.bdp-asgard.de\/WP\/wp-json\/wp\/v2\/types\/page"}],"author":[{"embeddable":true,"href":"https:\/\/www.bdp-asgard.de\/WP\/wp-json\/wp\/v2\/users\/2"}],"replies":[{"embeddable":true,"href":"https:\/\/www.bdp-asgard.de\/WP\/wp-json\/wp\/v2\/comments?post=88"}],"version-history":[{"count":8,"href":"https:\/\/www.bdp-asgard.de\/WP\/wp-json\/wp\/v2\/pages\/88\/revisions"}],"predecessor-version":[{"id":880,"href":"https:\/\/www.bdp-asgard.de\/WP\/wp-json\/wp\/v2\/pages\/88\/revisions\/880"}],"up":[{"embeddable":true,"href":"https:\/\/www.bdp-asgard.de\/WP\/wp-json\/wp\/v2\/pages\/2"}],"wp:attachment":[{"href":"https:\/\/www.bdp-asgard.de\/WP\/wp-json\/wp\/v2\/media?parent=88"}],"curies":[{"name":"wp","href":"https:\/\/api.w.org\/{rel}","templated":true}]}}