{"id":82,"date":"2015-11-15T00:03:43","date_gmt":"2015-11-14T23:03:43","guid":{"rendered":"http:\/\/www.bdp-asgard.de\/WP\/?page_id=82"},"modified":"2022-10-12T11:59:57","modified_gmt":"2022-10-12T09:59:57","slug":"termine-2","status":"publish","type":"page","link":"https:\/\/www.bdp-asgard.de\/WP\/wissenswertes\/termine-2\/","title":{"rendered":"Termine"},"content":{"rendered":"<p><iframe loading=\"lazy\" style=\"border: solid 1px #777;\" src=\"https:\/\/calendar.google.com\/calendar\/embed?title=Stammeskalender&amp;showPrint=0&amp;showTz=0&amp;mode=AGENDA&amp;height=400&amp;wkst=1&amp;bgcolor=%23ffffcc&amp;src=f2ltkpjiisuasfce6fc7gl1dls%40group.calendar.google.com&amp;color=%23182C57&amp;ctz=Europe%2FBerlin\" width=\"800\" height=\"400\" frameborder=\"0\" scrolling=\"no\"><\/iframe><\/p>\n<p>Grunds\u00e4tzlich finden Gruppenstunden und der Stammesrat nicht w\u00e4hrend der bayrischen Schulferien statt!<\/p>\n<p>Die Gruppenstundentermine k\u00f6nnt ihr hier nachschauen (Gruppenstunden finden immer auf Yggdrasil statt):<\/p>\n<p>Au\u00dferdem tagt das alles entscheidende Organ, der Stammesrat, jeden Donnerstag ab 19 Uhr.<\/p>\n<p>Von Helmut Wening werden auf Anfrage f\u00fcr gr\u00f6\u00dfere Gruppen (&gt;5) Themen-Gruppenstunden angeboten.<\/p>\n","protected":false},"excerpt":{"rendered":"<p>Grunds\u00e4tzlich finden Gruppenstunden und der Stammesrat nicht w\u00e4hrend der bayrischen Schulferien statt! Die Gruppenstundentermine k\u00f6nnt ihr hier nachschauen (Gruppenstunden finden immer auf Yggdrasil statt): Au\u00dferdem tagt das alles entscheidende Organ, der Stammesrat, jeden Donnerstag ab 19 Uhr. Von Helmut Wening werden auf Anfrage f\u00fcr gr\u00f6\u00dfere Gruppen (&gt;5) Themen-Gruppenstunden angeboten.<\/p>\n","protected":false},"author":2,"featured_media":0,"parent":26,"menu_order":1,"comment_status":"closed","ping_status":"closed","template":"","meta":{"footnotes":""},"class_list":["post-82","page","type-page","status-publish","hentry"],"_links":{"self":[{"href":"https:\/\/www.bdp-asgard.de\/WP\/wp-json\/wp\/v2\/pages\/82","targetHints":{"allow":["GET"]}}],"collection":[{"href":"https:\/\/www.bdp-asgard.de\/WP\/wp-json\/wp\/v2\/pages"}],"about":[{"href":"https:\/\/www.bdp-asgard.de\/WP\/wp-json\/wp\/v2\/types\/page"}],"author":[{"embeddable":true,"href":"https:\/\/www.bdp-asgard.de\/WP\/wp-json\/wp\/v2\/users\/2"}],"replies":[{"embeddable":true,"href":"https:\/\/www.bdp-asgard.de\/WP\/wp-json\/wp\/v2\/comments?post=82"}],"version-history":[{"count":11,"href":"https:\/\/www.bdp-asgard.de\/WP\/wp-json\/wp\/v2\/pages\/82\/revisions"}],"predecessor-version":[{"id":675,"href":"https:\/\/www.bdp-asgard.de\/WP\/wp-json\/wp\/v2\/pages\/82\/revisions\/675"}],"up":[{"embeddable":true,"href":"https:\/\/www.bdp-asgard.de\/WP\/wp-json\/wp\/v2\/pages\/26"}],"wp:attachment":[{"href":"https:\/\/www.bdp-asgard.de\/WP\/wp-json\/wp\/v2\/media?parent=82"}],"curies":[{"name":"wp","href":"https:\/\/api.w.org\/{rel}","templated":true}]}}