{"id":78,"date":"2015-11-14T23:54:35","date_gmt":"2015-11-14T22:54:35","guid":{"rendered":"http:\/\/www.bdp-asgard.de\/WP\/?page_id=78"},"modified":"2024-03-11T17:01:38","modified_gmt":"2024-03-11T16:01:38","slug":"kontodaten","status":"publish","type":"page","link":"https:\/\/www.bdp-asgard.de\/WP\/wissenswertes\/kontodaten\/","title":{"rendered":"Kontodaten"},"content":{"rendered":"<div class=\"field field-name-body field-type-text-with-summary field-label-hidden\">\n<div class=\"field-items\">\n<div class=\"field-item even\">\n<p><strong>Zahlungen an den Stamm:<\/strong><\/p>\n<p>Bitte stellt uns doch eine Einzugserm\u00e4chtigung aus, damit erleichtert ihr uns unsere Arbeit enorm! Einfach hier ausdrucken: <a href=\"https:\/\/www.bdp-asgard.de\/WP\/wp-content\/uploads\/2024\/03\/Einzugsermaechtigung.pdf\" target=\"_blank\" rel=\"noopener\">Einzugserm\u00e4chtigung<\/a><\/p>\n<p>Wenn ihr uns keine Einzugserm\u00e4chtigung austellen wollt, findet ihr hier unsere Kontodaten:<\/p>\n<h2>Kontodaten:<\/h2>\n<p>Empf.: BdP Stamm Asgard Erlangen e.V.<\/p>\n<p>Konto Nr.: 89777<\/p>\n<p>BLZ: 76350000<\/p>\n<p>Bank: Sparkasse Erlangen<\/p>\n<p><em>(gegebenenfalls) Zweck: Name des Kindes + Lager<\/em><\/p>\n<p>IBAN: <strong>DE94 7635 0000 0000 0897 77<\/strong><\/p>\n<p>BIC:\u00a0<strong>BYLADEM1ERH<\/strong><\/p>\n<\/div>\n<p><a href=\"https:\/\/www.bdp-asgard.de\/WP\/wp-content\/uploads\/2015\/11\/DSC00886.jpg\"><img loading=\"lazy\" decoding=\"async\" class=\"alignnone wp-image-79 size-full\" src=\"https:\/\/www.bdp-asgard.de\/WP\/wp-content\/uploads\/2015\/11\/DSC00886.jpg\" alt=\"DSC00886\" width=\"4912\" height=\"3264\" srcset=\"https:\/\/www.bdp-asgard.de\/WP\/wp-content\/uploads\/2015\/11\/DSC00886.jpg 4912w, https:\/\/www.bdp-asgard.de\/WP\/wp-content\/uploads\/2015\/11\/DSC00886-300x199.jpg 300w, https:\/\/www.bdp-asgard.de\/WP\/wp-content\/uploads\/2015\/11\/DSC00886-1024x680.jpg 1024w\" sizes=\"auto, (max-width: 4912px) 100vw, 4912px\" \/><\/a><\/p>\n<\/div>\n<\/div>\n","protected":false},"excerpt":{"rendered":"<p>Zahlungen an den Stamm: Bitte stellt uns doch eine Einzugserm\u00e4chtigung aus, damit erleichtert ihr uns unsere Arbeit enorm! Einfach hier ausdrucken: Einzugserm\u00e4chtigung Wenn ihr uns keine Einzugserm\u00e4chtigung austellen wollt, findet ihr hier unsere Kontodaten: Kontodaten: Empf.: BdP Stamm Asgard Erlangen e.V. Konto Nr.: 89777 BLZ: 76350000 Bank: Sparkasse Erlangen (gegebenenfalls) Zweck: Name des Kindes + &hellip; <a href=\"https:\/\/www.bdp-asgard.de\/WP\/wissenswertes\/kontodaten\/\" class=\"more-link\"><span class=\"screen-reader-text\">Kontodaten<\/span> weiterlesen <span class=\"meta-nav\">&rarr;<\/span><\/a><\/p>\n","protected":false},"author":2,"featured_media":0,"parent":26,"menu_order":3,"comment_status":"closed","ping_status":"closed","template":"","meta":{"footnotes":""},"class_list":["post-78","page","type-page","status-publish","hentry"],"_links":{"self":[{"href":"https:\/\/www.bdp-asgard.de\/WP\/wp-json\/wp\/v2\/pages\/78","targetHints":{"allow":["GET"]}}],"collection":[{"href":"https:\/\/www.bdp-asgard.de\/WP\/wp-json\/wp\/v2\/pages"}],"about":[{"href":"https:\/\/www.bdp-asgard.de\/WP\/wp-json\/wp\/v2\/types\/page"}],"author":[{"embeddable":true,"href":"https:\/\/www.bdp-asgard.de\/WP\/wp-json\/wp\/v2\/users\/2"}],"replies":[{"embeddable":true,"href":"https:\/\/www.bdp-asgard.de\/WP\/wp-json\/wp\/v2\/comments?post=78"}],"version-history":[{"count":4,"href":"https:\/\/www.bdp-asgard.de\/WP\/wp-json\/wp\/v2\/pages\/78\/revisions"}],"predecessor-version":[{"id":767,"href":"https:\/\/www.bdp-asgard.de\/WP\/wp-json\/wp\/v2\/pages\/78\/revisions\/767"}],"up":[{"embeddable":true,"href":"https:\/\/www.bdp-asgard.de\/WP\/wp-json\/wp\/v2\/pages\/26"}],"wp:attachment":[{"href":"https:\/\/www.bdp-asgard.de\/WP\/wp-json\/wp\/v2\/media?parent=78"}],"curies":[{"name":"wp","href":"https:\/\/api.w.org\/{rel}","templated":true}]}}