{"id":72,"date":"2015-11-14T23:44:40","date_gmt":"2015-11-14T22:44:40","guid":{"rendered":"http:\/\/www.bdp-asgard.de\/WP\/?page_id=72"},"modified":"2018-03-13T20:14:36","modified_gmt":"2018-03-13T19:14:36","slug":"der-stamm","status":"publish","type":"page","link":"https:\/\/www.bdp-asgard.de\/WP\/beispiel-seite\/der-stamm\/","title":{"rendered":"Der Stamm"},"content":{"rendered":"<div class=\"field field-name-body field-type-text-with-summary field-label-hidden\">\n<div class=\"field-items\">\n<div class=\"field-item even\">\n<p class=\"rtecenter\" style=\"text-align: right;\"><strong>Der Sta<\/strong><strong>mm<\/strong><strong> Asgard Erlangen e.<\/strong><strong>V<\/strong><strong>.<\/strong><strong><a href=\"https:\/\/www.bdp-asgard.de\/WP\/wp-content\/uploads\/2015\/11\/Stammeslogo.png\"><img loading=\"lazy\" decoding=\"async\" class=\"alignnone wp-image-15 \" src=\"https:\/\/www.bdp-asgard.de\/WP\/wp-content\/uploads\/2015\/11\/Stammeslogo-150x150.png\" alt=\"Stammeslogo\" width=\"72\" height=\"72\" srcset=\"https:\/\/www.bdp-asgard.de\/WP\/wp-content\/uploads\/2015\/11\/Stammeslogo-150x150.png 150w, https:\/\/www.bdp-asgard.de\/WP\/wp-content\/uploads\/2015\/11\/Stammeslogo-300x295.png 300w, https:\/\/www.bdp-asgard.de\/WP\/wp-content\/uploads\/2015\/11\/Stammeslogo.png 834w\" sizes=\"auto, (max-width: 72px) 100vw, 72px\" \/><\/a><\/strong><strong>\u00a0\u00a0<\/strong><\/p>\n<p>Der Stamm Asgard Erlangen e.V. geh\u00f6hrt zum <a class=\"ext\" href=\"http:\/\/www.pfadfinden.de\/\" target=\"_blank\" rel=\"noopener\">BdP<\/a>. Als Pfadfinderbewegung versuchen wir Kindern und Jugendlichen duch Spiel und Spa\u00df eine ganzheitliche Charackterbildung zu erm\u00f6glichen. Unsere Leiter arbeiten ehrenamtlich, sind keine Sozialp\u00e4dagogen und betreuen ihre Gruppen nach den Motto &#8222;<strong>Jugend leitet Jugend<\/strong>&#8222;. Ein Grundwissen an Gruppenleitung haben wir duch die Ausbildungskurse des BdP erfahren.<\/p>\n<p>Seit \u00fcber 50 Jahren sind wir nun schon in Erlangen verwurzelt und sind mittlerweile mit \u00fcber 110 Mitgliedern einer der gr\u00f6\u00dften und aktivsten Pfadfinderst\u00e4mme des <a class=\"ext\" href=\"http:\/\/bayern.pfadfinden.de\/\" target=\"_blank\" rel=\"noopener\">BdP LV Bayern<\/a>.<br \/>\nWir haben neben den w\u00f6chentlichen Gruppenstunden noch zwischen 2-4 Lager und Fahrten im Jahr, diese finden in den Schulferien statt. Au\u00dferdem gibt es zahlreiche Aktionen mit Meute, Eltern oder F\u00f6rdererverein, bei denen wir gemeinsam Singen, Arbeiten und Pfadfinderei erleben.<\/p>\n<p><a href=\"https:\/\/www.bdp-asgard.de\/WP\/wp-content\/uploads\/2015\/11\/sonnenuntergang.jpg\"><img loading=\"lazy\" decoding=\"async\" class=\"alignnone wp-image-166 size-full\" src=\"https:\/\/www.bdp-asgard.de\/WP\/wp-content\/uploads\/2015\/11\/sonnenuntergang.jpg\" alt=\"sonnenuntergang\" width=\"948\" height=\"320\" srcset=\"https:\/\/www.bdp-asgard.de\/WP\/wp-content\/uploads\/2015\/11\/sonnenuntergang.jpg 948w, https:\/\/www.bdp-asgard.de\/WP\/wp-content\/uploads\/2015\/11\/sonnenuntergang-300x101.jpg 300w\" sizes=\"auto, (max-width: 948px) 100vw, 948px\" \/><\/a><\/p>\n<p style=\"text-align: center;\">Mitmachen k\u00f6nnen alle, die Lust darauf haben.<\/p>\n<\/div>\n<\/div>\n<\/div>\n","protected":false},"excerpt":{"rendered":"<p>Der Stamm Asgard Erlangen e.V.\u00a0\u00a0 Der Stamm Asgard Erlangen e.V. geh\u00f6hrt zum BdP. Als Pfadfinderbewegung versuchen wir Kindern und Jugendlichen duch Spiel und Spa\u00df eine ganzheitliche Charackterbildung zu erm\u00f6glichen. Unsere Leiter arbeiten ehrenamtlich, sind keine Sozialp\u00e4dagogen und betreuen ihre Gruppen nach den Motto &#8222;Jugend leitet Jugend&#8222;. Ein Grundwissen an Gruppenleitung haben wir duch die Ausbildungskurse &hellip; <a href=\"https:\/\/www.bdp-asgard.de\/WP\/beispiel-seite\/der-stamm\/\" class=\"more-link\"><span class=\"screen-reader-text\">Der Stamm<\/span> weiterlesen <span class=\"meta-nav\">&rarr;<\/span><\/a><\/p>\n","protected":false},"author":2,"featured_media":0,"parent":2,"menu_order":1,"comment_status":"closed","ping_status":"closed","template":"","meta":{"footnotes":""},"class_list":["post-72","page","type-page","status-publish","hentry"],"_links":{"self":[{"href":"https:\/\/www.bdp-asgard.de\/WP\/wp-json\/wp\/v2\/pages\/72","targetHints":{"allow":["GET"]}}],"collection":[{"href":"https:\/\/www.bdp-asgard.de\/WP\/wp-json\/wp\/v2\/pages"}],"about":[{"href":"https:\/\/www.bdp-asgard.de\/WP\/wp-json\/wp\/v2\/types\/page"}],"author":[{"embeddable":true,"href":"https:\/\/www.bdp-asgard.de\/WP\/wp-json\/wp\/v2\/users\/2"}],"replies":[{"embeddable":true,"href":"https:\/\/www.bdp-asgard.de\/WP\/wp-json\/wp\/v2\/comments?post=72"}],"version-history":[{"count":7,"href":"https:\/\/www.bdp-asgard.de\/WP\/wp-json\/wp\/v2\/pages\/72\/revisions"}],"predecessor-version":[{"id":320,"href":"https:\/\/www.bdp-asgard.de\/WP\/wp-json\/wp\/v2\/pages\/72\/revisions\/320"}],"up":[{"embeddable":true,"href":"https:\/\/www.bdp-asgard.de\/WP\/wp-json\/wp\/v2\/pages\/2"}],"wp:attachment":[{"href":"https:\/\/www.bdp-asgard.de\/WP\/wp-json\/wp\/v2\/media?parent=72"}],"curies":[{"name":"wp","href":"https:\/\/api.w.org\/{rel}","templated":true}]}}