{"id":69,"date":"2015-11-14T23:34:18","date_gmt":"2015-11-14T22:34:18","guid":{"rendered":"http:\/\/www.bdp-asgard.de\/WP\/?page_id=69"},"modified":"2025-02-05T18:37:33","modified_gmt":"2025-02-05T17:37:33","slug":"die-meuten","status":"publish","type":"page","link":"https:\/\/www.bdp-asgard.de\/WP\/beispiel-seite\/die-meuten\/","title":{"rendered":"Die Meute"},"content":{"rendered":"<p>Unsere &#8222;J\u00fcngsten&#8220;, die W\u00f6lflinge, sind zwischen 6 und 12 Jahren alt.<br \/>\nDie W\u00f6lflingsgruppen, die&nbsp; Meuten, aus unserem Stamm hei\u00dfen <strong>Meute Tschikai <\/strong>&amp; <strong>Meute Chill<\/strong>.<br \/>\nNach der Spielidee des Dschungelbuchs von Rudyard Kipling versuchen wir spannendes und abwechslungsreiches Programm anzubieten.<\/p>\n<p><a href=\"https:\/\/www.bdp-asgard.de\/WP\/wp-content\/uploads\/2015\/11\/DSC06431.jpg\"><br \/>\n<img loading=\"lazy\" decoding=\"async\" class=\"aligncenter wp-image-70 size-full\" src=\"https:\/\/www.bdp-asgard.de\/WP\/wp-content\/uploads\/2015\/11\/DSC06431.jpg\" alt=\"DSC06431\" width=\"900\" height=\"599\" srcset=\"https:\/\/www.bdp-asgard.de\/WP\/wp-content\/uploads\/2015\/11\/DSC06431.jpg 900w, https:\/\/www.bdp-asgard.de\/WP\/wp-content\/uploads\/2015\/11\/DSC06431-300x200.jpg 300w\" sizes=\"auto, (max-width: 900px) 100vw, 900px\" \/><\/a>Meute Tschikai trifft sich jeden Samstag (au\u00dfer in den Schulferien) um 15-17 Uhr.<\/p>\n<p>Meute Chill trifft sich jeden Donnerstag (au\u00dfer in den Schulferien) um 16-18 Uhr.<\/p>\n<p>Beide Meuten freuen sich immer auf neue Gesichter!<\/p>\n","protected":false},"excerpt":{"rendered":"<p>Unsere &#8222;J\u00fcngsten&#8220;, die W\u00f6lflinge, sind zwischen 6 und 12 Jahren alt. Die W\u00f6lflingsgruppen, die&nbsp; Meuten, aus unserem Stamm hei\u00dfen Meute Tschikai &amp; Meute Chill. Nach der Spielidee des Dschungelbuchs von Rudyard Kipling versuchen wir spannendes und abwechslungsreiches Programm anzubieten. Meute Tschikai trifft sich jeden Samstag (au\u00dfer in den Schulferien) um 15-17 Uhr. Meute Chill trifft &hellip; <a href=\"https:\/\/www.bdp-asgard.de\/WP\/beispiel-seite\/die-meuten\/\" class=\"more-link\"><span class=\"screen-reader-text\">Die Meute<\/span> weiterlesen <span class=\"meta-nav\">&rarr;<\/span><\/a><\/p>\n","protected":false},"author":6,"featured_media":0,"parent":2,"menu_order":2,"comment_status":"closed","ping_status":"closed","template":"","meta":{"footnotes":""},"class_list":["post-69","page","type-page","status-publish","hentry"],"_links":{"self":[{"href":"https:\/\/www.bdp-asgard.de\/WP\/wp-json\/wp\/v2\/pages\/69","targetHints":{"allow":["GET"]}}],"collection":[{"href":"https:\/\/www.bdp-asgard.de\/WP\/wp-json\/wp\/v2\/pages"}],"about":[{"href":"https:\/\/www.bdp-asgard.de\/WP\/wp-json\/wp\/v2\/types\/page"}],"author":[{"embeddable":true,"href":"https:\/\/www.bdp-asgard.de\/WP\/wp-json\/wp\/v2\/users\/6"}],"replies":[{"embeddable":true,"href":"https:\/\/www.bdp-asgard.de\/WP\/wp-json\/wp\/v2\/comments?post=69"}],"version-history":[{"count":8,"href":"https:\/\/www.bdp-asgard.de\/WP\/wp-json\/wp\/v2\/pages\/69\/revisions"}],"predecessor-version":[{"id":839,"href":"https:\/\/www.bdp-asgard.de\/WP\/wp-json\/wp\/v2\/pages\/69\/revisions\/839"}],"up":[{"embeddable":true,"href":"https:\/\/www.bdp-asgard.de\/WP\/wp-json\/wp\/v2\/pages\/2"}],"wp:attachment":[{"href":"https:\/\/www.bdp-asgard.de\/WP\/wp-json\/wp\/v2\/media?parent=69"}],"curies":[{"name":"wp","href":"https:\/\/api.w.org\/{rel}","templated":true}]}}