{"id":66,"date":"2015-11-14T23:30:19","date_gmt":"2015-11-14T22:30:19","guid":{"rendered":"http:\/\/www.bdp-asgard.de\/WP\/?page_id=66"},"modified":"2025-06-04T16:44:21","modified_gmt":"2025-06-04T14:44:21","slug":"die-sippen","status":"publish","type":"page","link":"https:\/\/www.bdp-asgard.de\/WP\/beispiel-seite\/die-sippen\/","title":{"rendered":"Die Sippen"},"content":{"rendered":"<div class=\"field field-name-body field-type-text-with-summary field-label-hidden\">\n<div class=\"field-items\">\n<div class=\"field-item even\">\n<p>Das Pfadfinder\/-innen dasein wird vornehmlich durch das Leben in der Sippe, der Kleingruppe von 6-8 Pfadfinderinnen und Pfadfindern gepr\u00e4gt.<br \/>\nDie wesentlichen Erlebniselemente stellen dabei die w\u00f6chentlichen Gruppenstunden, die Fahrten und die Lager dar.<br \/>\nDie Mitglieder der Pfadfinderinnen- und Pfadfinderstufe sind im Alter von 12 bis 16 Jahren. In der &#8222;Gro\u00dffamilie&#8220; des Stammes, d.h. der \u00f6rtlichen Gruppe, bilden sie die mittlere Stufe, die in ihrer Entwicklung zwar nicht mehr so verspielt sind, wie die W\u00f6lflinge, aber auch noch nicht so erwachsen sind, wie die Ranger und Rover. Das macht die Pfadfinderarbeit zu einer sehr abwechslungsreichen, spannenden und vor allem verantwortungsvollen Aufgabe.<\/p>\n<p><a href=\"https:\/\/www.bdp-asgard.de\/WP\/wp-content\/uploads\/2015\/11\/DSC06407.jpg\"><img loading=\"lazy\" decoding=\"async\" class=\"aligncenter wp-image-67 size-full\" src=\"https:\/\/www.bdp-asgard.de\/WP\/wp-content\/uploads\/2015\/11\/DSC06407.jpg\" alt=\"DSC06407\" width=\"900\" height=\"599\" srcset=\"https:\/\/www.bdp-asgard.de\/WP\/wp-content\/uploads\/2015\/11\/DSC06407.jpg 900w, https:\/\/www.bdp-asgard.de\/WP\/wp-content\/uploads\/2015\/11\/DSC06407-300x200.jpg 300w\" sizes=\"auto, (max-width: 900px) 100vw, 900px\" \/><\/a>Momentan gibt es bei uns vier Sippen die sich an unterschiedlichen Wochentagen treffen:<\/p>\n<ul>\n<li style=\"list-style-type: none;\">\n<ul>\n<li><strong>Sol<\/strong> (<em>Jahrgang 2009-2010, Samstags um 13-15 Uhr<\/em>) -2 Sippenf\u00fchrungen-<\/li>\n<li><strong>Snotra <\/strong>(<em>Jahrgang 2011\/2012, Samstag 17-19 Uhr<\/em>) -2 Sippenf\u00fchrungen-<\/li>\n<li><strong>Niddh\u00f6ggr<\/strong> (<em>Jahrgang 2011\/2012, Freitag 15-17 Uhr<\/em>) -3 Sippenf\u00fchrungen-<\/li>\n<li><strong>Fenrir\u00a0<\/strong>(<em>Jahrgang 2013, Montag 17-19 Uhr)\u00a0<\/em>-4 Sippenf\u00fchrungen-<\/li>\n<li><strong>Ullre<\/strong> (Jahrgang 2013\/14, Mittwoch 16-18 Uhr) -4 Sippenf\u00fchrungen-<\/li>\n<\/ul>\n<\/li>\n<\/ul>\n<p>Auch in unseren Sippen sind Neuzug\u00e4nge jederzeit herzlich willkommen! Einfach vorbeischauen oder eine E-Mail schreiben.<\/p>\n<\/div>\n<\/div>\n<\/div>\n","protected":false},"excerpt":{"rendered":"<p>Das Pfadfinder\/-innen dasein wird vornehmlich durch das Leben in der Sippe, der Kleingruppe von 6-8 Pfadfinderinnen und Pfadfindern gepr\u00e4gt. Die wesentlichen Erlebniselemente stellen dabei die w\u00f6chentlichen Gruppenstunden, die Fahrten und die Lager dar. Die Mitglieder der Pfadfinderinnen- und Pfadfinderstufe sind im Alter von 12 bis 16 Jahren. In der &#8222;Gro\u00dffamilie&#8220; des Stammes, d.h. der \u00f6rtlichen &hellip; <a href=\"https:\/\/www.bdp-asgard.de\/WP\/beispiel-seite\/die-sippen\/\" class=\"more-link\"><span class=\"screen-reader-text\">Die Sippen<\/span> weiterlesen <span class=\"meta-nav\">&rarr;<\/span><\/a><\/p>\n","protected":false},"author":6,"featured_media":0,"parent":2,"menu_order":3,"comment_status":"closed","ping_status":"closed","template":"","meta":{"footnotes":""},"class_list":["post-66","page","type-page","status-publish","hentry"],"_links":{"self":[{"href":"https:\/\/www.bdp-asgard.de\/WP\/wp-json\/wp\/v2\/pages\/66","targetHints":{"allow":["GET"]}}],"collection":[{"href":"https:\/\/www.bdp-asgard.de\/WP\/wp-json\/wp\/v2\/pages"}],"about":[{"href":"https:\/\/www.bdp-asgard.de\/WP\/wp-json\/wp\/v2\/types\/page"}],"author":[{"embeddable":true,"href":"https:\/\/www.bdp-asgard.de\/WP\/wp-json\/wp\/v2\/users\/6"}],"replies":[{"embeddable":true,"href":"https:\/\/www.bdp-asgard.de\/WP\/wp-json\/wp\/v2\/comments?post=66"}],"version-history":[{"count":20,"href":"https:\/\/www.bdp-asgard.de\/WP\/wp-json\/wp\/v2\/pages\/66\/revisions"}],"predecessor-version":[{"id":885,"href":"https:\/\/www.bdp-asgard.de\/WP\/wp-json\/wp\/v2\/pages\/66\/revisions\/885"}],"up":[{"embeddable":true,"href":"https:\/\/www.bdp-asgard.de\/WP\/wp-json\/wp\/v2\/pages\/2"}],"wp:attachment":[{"href":"https:\/\/www.bdp-asgard.de\/WP\/wp-json\/wp\/v2\/media?parent=66"}],"curies":[{"name":"wp","href":"https:\/\/api.w.org\/{rel}","templated":true}]}}