{"id":63,"date":"2015-11-14T23:25:27","date_gmt":"2015-11-14T22:25:27","guid":{"rendered":"http:\/\/www.bdp-asgard.de\/WP\/?page_id=63"},"modified":"2025-02-05T18:50:56","modified_gmt":"2025-02-05T17:50:56","slug":"die-ranger-und-rover","status":"publish","type":"page","link":"https:\/\/www.bdp-asgard.de\/WP\/beispiel-seite\/die-ranger-und-rover\/","title":{"rendered":"Die Ranger und Rover &#8222;Valhalla&#8220;"},"content":{"rendered":"<p>Ranger und Rover sind die \u00c4ltesten in unserem Bund. Ab ca. 16 Jahren geh\u00f6rst du dazu. Sie sind die &#8222;Macher&#8220; bei uns, das hei\u00dft, die Meisten von ihnen haben ein Amt: Sie sind Gruppenleiter, also Meuten- Sippen- oder StammesleiterIn. Au\u00dferdem auch Material- Heim- und Kassenwart.<br \/>\nWieder Andere sind immer zu Stelle, wenn es um Durchf\u00fchrung von Lagern, Gel\u00e4ndespielen, coolen Aktionen, etc. geht. Immer eingespannt, ohne engagierte Ranger und Rover l\u00e4uft gar nichts.<\/p>\n<p>Seit Ende Dezember 2024, als unser RR-Lager stattgefunden hat, nennen wir uns Runde Valhalla. Hin und wieder werden auch Gruppenstunden bei uns gemacht, mehr oder weniger aktiv. Au\u00dferhalb von diesen machen wir hin und wieder tolle RR-Aktionen. Diese werden von der Runde immer gut besucht!<\/p>\n<p><a href=\"https:\/\/www.bdp-asgard.de\/WP\/wp-content\/uploads\/2015\/11\/DSC06427.jpg\"><img loading=\"lazy\" decoding=\"async\" class=\"aligncenter wp-image-64 size-full\" src=\"https:\/\/www.bdp-asgard.de\/WP\/wp-content\/uploads\/2015\/11\/DSC06427.jpg\" alt=\"DSC06427\" width=\"900\" height=\"599\" srcset=\"https:\/\/www.bdp-asgard.de\/WP\/wp-content\/uploads\/2015\/11\/DSC06427.jpg 900w, https:\/\/www.bdp-asgard.de\/WP\/wp-content\/uploads\/2015\/11\/DSC06427-300x200.jpg 300w\" sizes=\"auto, (max-width: 900px) 100vw, 900px\" \/><\/a>Die momentan aktive R\/R-Runde ist ein bunter Haufen von 16 bis 24 j\u00e4hrigen, die sich\u00a0 in erster Linie mit der Leitung der Gruppen und dem Chillen und Grillen besch\u00e4ftigen.<\/p>\n","protected":false},"excerpt":{"rendered":"<p>Ranger und Rover sind die \u00c4ltesten in unserem Bund. Ab ca. 16 Jahren geh\u00f6rst du dazu. Sie sind die &#8222;Macher&#8220; bei uns, das hei\u00dft, die Meisten von ihnen haben ein Amt: Sie sind Gruppenleiter, also Meuten- Sippen- oder StammesleiterIn. Au\u00dferdem auch Material- Heim- und Kassenwart. Wieder Andere sind immer zu Stelle, wenn es um Durchf\u00fchrung &hellip; <a href=\"https:\/\/www.bdp-asgard.de\/WP\/beispiel-seite\/die-ranger-und-rover\/\" class=\"more-link\"><span class=\"screen-reader-text\">Die Ranger und Rover &#8222;Valhalla&#8220;<\/span> weiterlesen <span class=\"meta-nav\">&rarr;<\/span><\/a><\/p>\n","protected":false},"author":6,"featured_media":0,"parent":2,"menu_order":4,"comment_status":"closed","ping_status":"closed","template":"","meta":{"footnotes":""},"class_list":["post-63","page","type-page","status-publish","hentry"],"_links":{"self":[{"href":"https:\/\/www.bdp-asgard.de\/WP\/wp-json\/wp\/v2\/pages\/63","targetHints":{"allow":["GET"]}}],"collection":[{"href":"https:\/\/www.bdp-asgard.de\/WP\/wp-json\/wp\/v2\/pages"}],"about":[{"href":"https:\/\/www.bdp-asgard.de\/WP\/wp-json\/wp\/v2\/types\/page"}],"author":[{"embeddable":true,"href":"https:\/\/www.bdp-asgard.de\/WP\/wp-json\/wp\/v2\/users\/6"}],"replies":[{"embeddable":true,"href":"https:\/\/www.bdp-asgard.de\/WP\/wp-json\/wp\/v2\/comments?post=63"}],"version-history":[{"count":5,"href":"https:\/\/www.bdp-asgard.de\/WP\/wp-json\/wp\/v2\/pages\/63\/revisions"}],"predecessor-version":[{"id":842,"href":"https:\/\/www.bdp-asgard.de\/WP\/wp-json\/wp\/v2\/pages\/63\/revisions\/842"}],"up":[{"embeddable":true,"href":"https:\/\/www.bdp-asgard.de\/WP\/wp-json\/wp\/v2\/pages\/2"}],"wp:attachment":[{"href":"https:\/\/www.bdp-asgard.de\/WP\/wp-json\/wp\/v2\/media?parent=63"}],"curies":[{"name":"wp","href":"https:\/\/api.w.org\/{rel}","templated":true}]}}