{"id":61,"date":"2015-11-14T23:20:33","date_gmt":"2015-11-14T22:20:33","guid":{"rendered":"http:\/\/www.bdp-asgard.de\/WP\/?page_id=61"},"modified":"2022-03-13T09:05:42","modified_gmt":"2022-03-13T08:05:42","slug":"die-stammesleitung","status":"publish","type":"page","link":"https:\/\/www.bdp-asgard.de\/WP\/beispiel-seite\/die-stammesleitung\/","title":{"rendered":"Die Stammesf\u00fchrung"},"content":{"rendered":"\n<p><\/p>\n\n\n<p>Unsere aktuelle Stammesf\u00fchrung besteht aus der zweik\u00f6pfigen ersten Stammesf\u00fchrung sowie den beiden stellvertretenden Stammesf\u00fchrern.<\/p>\n<p>Zus\u00e4tzlich dazu sind wir mit einem gro\u00dfartigen Schatzmeister begl\u00fcckt.<\/p>\n<p>\u00a0<\/p>\n<p><strong>Stammesf\u00fchrung:<br \/><\/strong><\/p>\n<figure id=\"attachment_619\" aria-describedby=\"caption-attachment-619\" style=\"width: 285px\" class=\"wp-caption alignnone\"><a href=\"https:\/\/www.bdp-asgard.de\/WP\/wp-content\/uploads\/2022\/03\/Website-Bild-Henry.jpeg\"><img loading=\"lazy\" decoding=\"async\" class=\"wp-image-619\" src=\"https:\/\/www.bdp-asgard.de\/WP\/wp-content\/uploads\/2022\/03\/Website-Bild-Henry-238x300.jpeg\" alt=\"\" width=\"285\" height=\"359\" srcset=\"https:\/\/www.bdp-asgard.de\/WP\/wp-content\/uploads\/2022\/03\/Website-Bild-Henry-238x300.jpeg 238w, https:\/\/www.bdp-asgard.de\/WP\/wp-content\/uploads\/2022\/03\/Website-Bild-Henry-813x1024.jpeg 813w, https:\/\/www.bdp-asgard.de\/WP\/wp-content\/uploads\/2022\/03\/Website-Bild-Henry-768x968.jpeg 768w, https:\/\/www.bdp-asgard.de\/WP\/wp-content\/uploads\/2022\/03\/Website-Bild-Henry.jpeg 1069w\" sizes=\"auto, (max-width: 285px) 100vw, 285px\" \/><\/a><figcaption id=\"caption-attachment-619\" class=\"wp-caption-text\">Henry Marthol<\/figcaption><\/figure>\n<figure id=\"attachment_557\" aria-describedby=\"caption-attachment-557\" style=\"width: 300px\" class=\"wp-caption alignnone\"><a style=\"font-family: Menlo, Consolas, monaco, monospace; font-size: 15px; white-space: pre-wrap;\" href=\"https:\/\/www.bdp-asgard.de\/WP\/wp-content\/uploads\/2021\/02\/Robin.jpg\"><img loading=\"lazy\" decoding=\"async\" class=\"wp-image-557 size-medium\" src=\"https:\/\/www.bdp-asgard.de\/WP\/wp-content\/uploads\/2021\/02\/Robin-300x300.jpg\" alt=\"\" width=\"300\" height=\"300\" srcset=\"https:\/\/www.bdp-asgard.de\/WP\/wp-content\/uploads\/2021\/02\/Robin.jpg 300w, https:\/\/www.bdp-asgard.de\/WP\/wp-content\/uploads\/2021\/02\/Robin-150x150.jpg 150w\" sizes=\"auto, (max-width: 300px) 100vw, 300px\" \/><\/a><figcaption id=\"caption-attachment-557\" class=\"wp-caption-text\">Robin Bujarski<\/figcaption><\/figure>\n<p>\u00a0<\/p>\n<p><strong>Stellvertretende Stammesf\u00fchrung:<\/strong><\/p>\n<figure id=\"attachment_575\" aria-describedby=\"caption-attachment-575\" style=\"width: 300px\" class=\"wp-caption alignnone\"><a href=\"https:\/\/www.bdp-asgard.de\/WP\/wp-content\/uploads\/2021\/02\/Adam.jpg\"><img loading=\"lazy\" decoding=\"async\" class=\"wp-image-575 size-full\" src=\"https:\/\/www.bdp-asgard.de\/WP\/wp-content\/uploads\/2021\/02\/Adam.jpg\" alt=\"\" width=\"300\" height=\"299\" srcset=\"https:\/\/www.bdp-asgard.de\/WP\/wp-content\/uploads\/2021\/02\/Adam.jpg 300w, https:\/\/www.bdp-asgard.de\/WP\/wp-content\/uploads\/2021\/02\/Adam-150x150.jpg 150w\" sizes=\"auto, (max-width: 300px) 100vw, 300px\" \/><\/a><figcaption id=\"caption-attachment-575\" class=\"wp-caption-text\">Adam Karolczak<\/figcaption><\/figure>\n<figure id=\"attachment_620\" aria-describedby=\"caption-attachment-620\" style=\"width: 288px\" class=\"wp-caption alignnone\"><a href=\"https:\/\/www.bdp-asgard.de\/WP\/wp-content\/uploads\/2022\/03\/Website-Bild-Nicolai.jpeg\"><img loading=\"lazy\" decoding=\"async\" class=\"wp-image-620\" src=\"https:\/\/www.bdp-asgard.de\/WP\/wp-content\/uploads\/2022\/03\/Website-Bild-Nicolai-240x300.jpeg\" alt=\"\" width=\"288\" height=\"360\" srcset=\"https:\/\/www.bdp-asgard.de\/WP\/wp-content\/uploads\/2022\/03\/Website-Bild-Nicolai-240x300.jpeg 240w, https:\/\/www.bdp-asgard.de\/WP\/wp-content\/uploads\/2022\/03\/Website-Bild-Nicolai-768x960.jpeg 768w, https:\/\/www.bdp-asgard.de\/WP\/wp-content\/uploads\/2022\/03\/Website-Bild-Nicolai.jpeg 783w\" sizes=\"auto, (max-width: 288px) 100vw, 288px\" \/><\/a><figcaption id=\"caption-attachment-620\" class=\"wp-caption-text\">Nikolai Volkov<\/figcaption><\/figure>\n<p style=\"text-align: left;\"><strong>Schatzmeister<br \/><\/strong><\/p>\n<figure id=\"attachment_590\" aria-describedby=\"caption-attachment-590\" style=\"width: 201px\" class=\"wp-caption alignnone\"><a href=\"https:\/\/www.bdp-asgard.de\/WP\/wp-content\/uploads\/2021\/06\/HertBert.jpg\"><img loading=\"lazy\" decoding=\"async\" class=\"wp-image-590 size-medium\" src=\"https:\/\/www.bdp-asgard.de\/WP\/wp-content\/uploads\/2021\/06\/HertBert-201x300.jpg\" alt=\"\" width=\"201\" height=\"300\" srcset=\"https:\/\/www.bdp-asgard.de\/WP\/wp-content\/uploads\/2021\/06\/HertBert-201x300.jpg 201w, https:\/\/www.bdp-asgard.de\/WP\/wp-content\/uploads\/2021\/06\/HertBert.jpg 234w\" sizes=\"auto, (max-width: 201px) 100vw, 201px\" \/><\/a><figcaption id=\"caption-attachment-590\" class=\"wp-caption-text\">Herbert Elsner<\/figcaption><\/figure>","protected":false},"excerpt":{"rendered":"<p>Unsere aktuelle Stammesf\u00fchrung besteht aus der zweik\u00f6pfigen ersten Stammesf\u00fchrung sowie den beiden stellvertretenden Stammesf\u00fchrern. Zus\u00e4tzlich dazu sind wir mit einem gro\u00dfartigen Schatzmeister begl\u00fcckt. \u00a0 Stammesf\u00fchrung: \u00a0 Stellvertretende Stammesf\u00fchrung: Schatzmeister<\/p>\n","protected":false},"author":2,"featured_media":0,"parent":2,"menu_order":5,"comment_status":"closed","ping_status":"closed","template":"","meta":{"footnotes":""},"class_list":["post-61","page","type-page","status-publish","hentry"],"_links":{"self":[{"href":"https:\/\/www.bdp-asgard.de\/WP\/wp-json\/wp\/v2\/pages\/61","targetHints":{"allow":["GET"]}}],"collection":[{"href":"https:\/\/www.bdp-asgard.de\/WP\/wp-json\/wp\/v2\/pages"}],"about":[{"href":"https:\/\/www.bdp-asgard.de\/WP\/wp-json\/wp\/v2\/types\/page"}],"author":[{"embeddable":true,"href":"https:\/\/www.bdp-asgard.de\/WP\/wp-json\/wp\/v2\/users\/2"}],"replies":[{"embeddable":true,"href":"https:\/\/www.bdp-asgard.de\/WP\/wp-json\/wp\/v2\/comments?post=61"}],"version-history":[{"count":23,"href":"https:\/\/www.bdp-asgard.de\/WP\/wp-json\/wp\/v2\/pages\/61\/revisions"}],"predecessor-version":[{"id":638,"href":"https:\/\/www.bdp-asgard.de\/WP\/wp-json\/wp\/v2\/pages\/61\/revisions\/638"}],"up":[{"embeddable":true,"href":"https:\/\/www.bdp-asgard.de\/WP\/wp-json\/wp\/v2\/pages\/2"}],"wp:attachment":[{"href":"https:\/\/www.bdp-asgard.de\/WP\/wp-json\/wp\/v2\/media?parent=61"}],"curies":[{"name":"wp","href":"https:\/\/api.w.org\/{rel}","templated":true}]}}