{"id":56,"date":"2015-11-14T23:13:30","date_gmt":"2015-11-14T22:13:30","guid":{"rendered":"http:\/\/www.bdp-asgard.de\/WP\/?page_id=56"},"modified":"2019-05-12T19:35:27","modified_gmt":"2019-05-12T17:35:27","slug":"elternbereich","status":"publish","type":"page","link":"https:\/\/www.bdp-asgard.de\/WP\/wissenswertes\/elternbereich\/","title":{"rendered":"Lager &#8211; Checkliste"},"content":{"rendered":"<header class=\"article-header\">\n<div class=\"title-wrapper\"><\/div>\n<\/header>\n<div class=\"field field-name-body field-type-text-with-summary field-label-hidden\">\n<div class=\"field-items\">\n<div class=\"field-item even\">\n<p><a href=\"https:\/\/www.bdp-asgard.de\/WP\/wp-content\/uploads\/2015\/11\/IMG_0821.jpg\"><img loading=\"lazy\" decoding=\"async\" class=\"aligncenter wp-image-57 size-large\" src=\"https:\/\/www.bdp-asgard.de\/WP\/wp-content\/uploads\/2015\/11\/IMG_0821-1024x575.jpg\" alt=\"IMG_0821\" width=\"604\" height=\"339\" srcset=\"https:\/\/www.bdp-asgard.de\/WP\/wp-content\/uploads\/2015\/11\/IMG_0821-1024x575.jpg 1024w, https:\/\/www.bdp-asgard.de\/WP\/wp-content\/uploads\/2015\/11\/IMG_0821-300x169.jpg 300w\" sizes=\"auto, (max-width: 604px) 100vw, 604px\" \/><\/a><\/p>\n<p>Liebe Eltern,<\/p>\n<p>Dein Kind will auf ein Lager fahren, aber du weist nicht was es zu beachten gibt?<\/p>\n<p>Wir haben hier eine Lager\/Fahrt Liste aufgestellt, die du Schritt f\u00fcr Schritt durchgehen kannst.<\/p>\n<p><strong>Schritt Nummer 1:<\/strong> Lageranmeldung abgeben! H\u00e4ufig findet sich die Anmeldung auch in der <a href=\"https:\/\/www.bdp-asgard.de\/WP\/?page_id=32\" target=\"_blank\" rel=\"noopener noreferrer\">Traadschn<\/a>. Sollte sich dort keine Anmeldung finden, kannst du diese per Email (<a class=\"mailto\" href=\"mailto:lager@bdp-asgard.de?subject=Lageranmeldung&amp;body=Hallo%20%2C%0ABitte%20schicke%20mir%20die%20aktuelle%20Anmeldung%20f%C3%BCr%20das%20Lager%20schnellstm%C3%B6glich%20zu%21%0AVielen%20Dank%20schon%20einmal%20im%20Vorraus%2C%0A\">info@bdp-asgard.de<\/a>) erfragen.<\/p>\n<p><strong>Schritt Nummer 2:<\/strong> Schauen ob das Geld f\u00fcr das Lager schon eingezogen wurde, gegebenfalls \u00fcberweisen (Betreff: Name des Kindes, Lager) oder Einzugserm\u00e4chtigung an unseren <a class=\"mailto\" href=\"mailto:herbert@bdp-asgard.de\">Schatzmeister <\/a>schicken. Geld \u00fcberwiesen oder eingezogen? Alles klar!<\/p>\n<p>Unsere Kontodaten findest du <a href=\"https:\/\/www.bdp-asgard.de\/WP\/?page_id=78\">hier<\/a><\/p>\n<p><strong>Schritt Nummer 3:<\/strong> Rucksack f\u00fcr das Lager packen! Hier k\u00f6nnte auch die <a href=\"https:\/\/www.bdp-asgard.de\/WP\/wp-content\/uploads\/2019\/05\/PacklisteNeu.pdf\">Packliste<\/a> behilflich sein!<\/p>\n<p><strong>Schritt Nummer 4:<\/strong> Sollte dein Kind gesundheitlich irgendwelche Dinge haben, die beachtet werden sollen, dann f\u00fclle bitte den\u00a0<a href=\"https:\/\/www.bdp-asgard.de\/WP\/wp-content\/uploads\/2015\/11\/Gesundheitsbogen.pdf\">Gesundheitsbogen<\/a> aus und gib ihn deinem Kind mit. Im Notfall bist du so auf der sicheren Seite!<\/p>\n<p><strong>Schritt Nummer 5:<\/strong> Stell sicher, dass dein Kind rechtzeitig am Treffpunkt erscheint. Wir reisen h\u00e4ufig mit \u00f6ffentlichen Verkehrsmitteln, sodass P\u00fcnktlichkeit eine gro\u00dfe Rolle spielt!<\/p>\n<p>Das war es eigentlich auch schon! Grunds\u00e4tzlich gilt: Kein Problem ist unl\u00f6sbar! Wende dich bei Fragen an die entsprechenden GruppenleiterInnen, sie stehen dir gerne zur Seite.<\/p>\n<p>Hoffentlich konnten wir dir hiermit weiterhelfen!<\/p>\n<p>Gut Pfad, Die GruppenleiterInnen<\/p>\n<\/div>\n<\/div>\n<\/div>\n","protected":false},"excerpt":{"rendered":"<p>Liebe Eltern, Dein Kind will auf ein Lager fahren, aber du weist nicht was es zu beachten gibt? Wir haben hier eine Lager\/Fahrt Liste aufgestellt, die du Schritt f\u00fcr Schritt durchgehen kannst. Schritt Nummer 1: Lageranmeldung abgeben! H\u00e4ufig findet sich die Anmeldung auch in der Traadschn. Sollte sich dort keine Anmeldung finden, kannst du diese &hellip; <a href=\"https:\/\/www.bdp-asgard.de\/WP\/wissenswertes\/elternbereich\/\" class=\"more-link\"><span class=\"screen-reader-text\">Lager &#8211; Checkliste<\/span> weiterlesen <span class=\"meta-nav\">&rarr;<\/span><\/a><\/p>\n","protected":false},"author":2,"featured_media":0,"parent":26,"menu_order":2,"comment_status":"closed","ping_status":"closed","template":"","meta":{"footnotes":""},"class_list":["post-56","page","type-page","status-publish","hentry"],"_links":{"self":[{"href":"https:\/\/www.bdp-asgard.de\/WP\/wp-json\/wp\/v2\/pages\/56","targetHints":{"allow":["GET"]}}],"collection":[{"href":"https:\/\/www.bdp-asgard.de\/WP\/wp-json\/wp\/v2\/pages"}],"about":[{"href":"https:\/\/www.bdp-asgard.de\/WP\/wp-json\/wp\/v2\/types\/page"}],"author":[{"embeddable":true,"href":"https:\/\/www.bdp-asgard.de\/WP\/wp-json\/wp\/v2\/users\/2"}],"replies":[{"embeddable":true,"href":"https:\/\/www.bdp-asgard.de\/WP\/wp-json\/wp\/v2\/comments?post=56"}],"version-history":[{"count":7,"href":"https:\/\/www.bdp-asgard.de\/WP\/wp-json\/wp\/v2\/pages\/56\/revisions"}],"predecessor-version":[{"id":413,"href":"https:\/\/www.bdp-asgard.de\/WP\/wp-json\/wp\/v2\/pages\/56\/revisions\/413"}],"up":[{"embeddable":true,"href":"https:\/\/www.bdp-asgard.de\/WP\/wp-json\/wp\/v2\/pages\/26"}],"wp:attachment":[{"href":"https:\/\/www.bdp-asgard.de\/WP\/wp-json\/wp\/v2\/media?parent=56"}],"curies":[{"name":"wp","href":"https:\/\/api.w.org\/{rel}","templated":true}]}}