{"id":26,"date":"2015-11-14T22:17:45","date_gmt":"2015-11-14T21:17:45","guid":{"rendered":"http:\/\/www.bdp-asgard.de\/WP\/?page_id=26"},"modified":"2015-11-15T23:51:46","modified_gmt":"2015-11-15T22:51:46","slug":"wissenswertes","status":"publish","type":"page","link":"https:\/\/www.bdp-asgard.de\/WP\/wissenswertes\/","title":{"rendered":"Wissenswertes"},"content":{"rendered":"<p><strong>Wissenswertes<\/strong><\/p>\n<p>Wenn ihr zum Schnuppern vorbei kommen wollt k\u00f6nnt ihr das bei den normalen Gruppenstunden tun, k\u00fcndigt euer kommen aber bitte davor an.<\/p>\n<p>Als Pfadfinder sind wir, wie jedes Klischee best\u00e4tigt, viel drau\u00dfen und in der Natur. Deswegen nehmt <strong>immer<\/strong> passende Kleidung mit!<\/p>\n<p><a href=\"https:\/\/www.bdp-asgard.de\/WP\/?page_id=82\">Termine der Gruppenstunden<\/a><\/p>\n<p>&nbsp;<\/p>\n<p><strong>N\u00fctzliches<\/strong><\/p>\n<p>Die\u00a0<a href=\"https:\/\/www.bdp-asgard.de\/WP\/wp-content\/uploads\/2015\/11\/Packliste.pdf\">Packliste<\/a> ist besonders praktisch wenn ihr zum ersten mal auf Lager oder Fahrt mit kommt.<\/p>\n<p>Den\u00a0<a href=\"https:\/\/www.bdp-asgard.de\/WP\/wp-content\/uploads\/2015\/11\/Gesundheitsbogen.pdf\">Gesundheitsbogen<\/a> ben\u00f6tigen wir damit keine Komplikationen auf Lagern und Fahrten entstehen, gebt das Formular bitte for eurer ersten Teilnahme an einem Lager ab, die Daten werden selbstverst\u00e4ndlich vertraulich behandelt und nicht an Dritte weitergegeben.<\/p>\n<p><a href=\"https:\/\/www.bdp-asgard.de\/WP\/wp-content\/uploads\/2015\/11\/Einzugserm\u00e4chtigung.pdf\">Einzugserm\u00e4chtigung f\u00fcr Lager- und Jahresbeitr\u00e4ge<\/a><\/p>\n<p>&nbsp;<\/p>\n","protected":false},"excerpt":{"rendered":"<p>Wissenswertes Wenn ihr zum Schnuppern vorbei kommen wollt k\u00f6nnt ihr das bei den normalen Gruppenstunden tun, k\u00fcndigt euer kommen aber bitte davor an. Als Pfadfinder sind wir, wie jedes Klischee best\u00e4tigt, viel drau\u00dfen und in der Natur. Deswegen nehmt immer passende Kleidung mit! Termine der Gruppenstunden &nbsp; N\u00fctzliches Die\u00a0Packliste ist besonders praktisch wenn ihr zum &hellip; <a href=\"https:\/\/www.bdp-asgard.de\/WP\/wissenswertes\/\" class=\"more-link\"><span class=\"screen-reader-text\">Wissenswertes<\/span> weiterlesen <span class=\"meta-nav\">&rarr;<\/span><\/a><\/p>\n","protected":false},"author":2,"featured_media":0,"parent":0,"menu_order":20,"comment_status":"closed","ping_status":"closed","template":"","meta":{"footnotes":""},"class_list":["post-26","page","type-page","status-publish","hentry"],"_links":{"self":[{"href":"https:\/\/www.bdp-asgard.de\/WP\/wp-json\/wp\/v2\/pages\/26","targetHints":{"allow":["GET"]}}],"collection":[{"href":"https:\/\/www.bdp-asgard.de\/WP\/wp-json\/wp\/v2\/pages"}],"about":[{"href":"https:\/\/www.bdp-asgard.de\/WP\/wp-json\/wp\/v2\/types\/page"}],"author":[{"embeddable":true,"href":"https:\/\/www.bdp-asgard.de\/WP\/wp-json\/wp\/v2\/users\/2"}],"replies":[{"embeddable":true,"href":"https:\/\/www.bdp-asgard.de\/WP\/wp-json\/wp\/v2\/comments?post=26"}],"version-history":[{"count":4,"href":"https:\/\/www.bdp-asgard.de\/WP\/wp-json\/wp\/v2\/pages\/26\/revisions"}],"predecessor-version":[{"id":181,"href":"https:\/\/www.bdp-asgard.de\/WP\/wp-json\/wp\/v2\/pages\/26\/revisions\/181"}],"wp:attachment":[{"href":"https:\/\/www.bdp-asgard.de\/WP\/wp-json\/wp\/v2\/media?parent=26"}],"curies":[{"name":"wp","href":"https:\/\/api.w.org\/{rel}","templated":true}]}}