{"id":2,"date":"2015-11-14T20:39:46","date_gmt":"2015-11-14T19:39:46","guid":{"rendered":"http:\/\/www.bdp-asgard.de\/WP\/?page_id=2"},"modified":"2024-01-31T19:05:58","modified_gmt":"2024-01-31T18:05:58","slug":"beispiel-seite","status":"publish","type":"page","link":"https:\/\/www.bdp-asgard.de\/WP\/beispiel-seite\/","title":{"rendered":"\u00dcber Uns"},"content":{"rendered":"<div class=\"field field-name-body field-type-text-with-summary field-label-hidden\">\n<div class=\"field-items\">\n<div class=\"field-item even\" style=\"text-align: center;\">\n<p style=\"text-align: center;\"><a href=\"https:\/\/www.bdp-asgard.de\/WP\/wp-content\/uploads\/2015\/11\/asgard-schriftzug.png\"><img loading=\"lazy\" decoding=\"async\" class=\"aligncenter wp-image-37 size-full\" src=\"https:\/\/www.bdp-asgard.de\/WP\/wp-content\/uploads\/2015\/11\/asgard-schriftzug.png\" alt=\"asgard - schriftzug\" width=\"3368\" height=\"1910\" srcset=\"https:\/\/www.bdp-asgard.de\/WP\/wp-content\/uploads\/2015\/11\/asgard-schriftzug.png 3368w, https:\/\/www.bdp-asgard.de\/WP\/wp-content\/uploads\/2015\/11\/asgard-schriftzug-300x170.png 300w, https:\/\/www.bdp-asgard.de\/WP\/wp-content\/uploads\/2015\/11\/asgard-schriftzug-1024x581.png 1024w\" sizes=\"auto, (max-width: 3368px) 100vw, 3368px\" \/><\/a><\/p>\n<p style=\"text-align: center;\">Wir sind eine Gruppe des<strong> Bund der Pfadfinderinnen und Pfadfinder e.V.<\/strong> und&nbsp;bieten ehrenamtliche Jugendarbeit f\u00fcr Kinder und Jugendliche. Dieses Internett\u00fcdel\u00fc soll euch \u00fcber die wichtigsten Dinge aus dem Stamm Asgard und Drumherum informieren.<\/p>\n<p style=\"text-align: center;\">Ne <a href=\"https:\/\/www.instagram.com\/bdpasgard\/\" target=\"_blank\" rel=\"noopener noreferrer\">Instagram-<\/a> und ne <a href=\"https:\/\/www.facebook.com\/stamm.asgard\/?ref=ts&amp;fref=ts\" target=\"_blank\" rel=\"noopener noreferrer\">Facebookseite<\/a> haben wir \u00fcbrigens auch.<\/p>\n<p style=\"text-align: center;\">Bei allen Fragen, wegen <strong>Grundst\u00fccksmiete<\/strong>, <strong>Materialverleih<\/strong>, <strong>Gruppenstunden<\/strong> oder Sonstigem wendet euch bitte an die <a href=\"https:\/\/www.bdp-asgard.de\/WP\/?page_id=160\">Stammesleitung<\/a>.<\/p>\n<\/div>\n<div class=\"field-item even\" style=\"text-align: center;\">\n<p>Als Stamm sind wir die kleinste Einheit des BdP; und sind sowohl auf <a class=\"ext\" href=\"http:\/\/www.pfadfinden.de\/\" target=\"_blank\" rel=\"noopener noreferrer\">Bundes <\/a>sowie auf der <a class=\"ext\" href=\"http:\/\/bayern.pfadfinden.de\/\" target=\"_blank\" rel=\"noopener noreferrer\">Landesebene<\/a> aktiv. Mit \u00fcber 110 Mitgliedern sind wir einer der gr\u00f6\u00dften St\u00e4mme Bayerns.<\/p>\n<p>Wir sind konfessionslos und parteipolitisch neutral.<\/p>\n<p>Bei uns gibt es kleinere Gruppen, in denen wir an die Altersgruppen angepasstes Programm anbieten.<\/p>\n<\/div>\n<p style=\"text-align: center;\"><strong>Unsere Struktur:<\/strong><\/p>\n<div class=\"field-item even\">\n<p style=\"text-align: center;\"><a href=\"https:\/\/www.bdp-asgard.de\/WP\/?page_id=61\">Die Stammesleitung<\/a><\/p>\n<p style=\"text-align: center;\"><a href=\"https:\/\/www.bdp-asgard.de\/WP\/?page_id=63\">Die Ranger und Rover<\/a><\/p>\n<p style=\"text-align: center;\"><a href=\"https:\/\/www.bdp-asgard.de\/WP\/?page_id=66\">Die Sippen<\/a><\/p>\n<p style=\"text-align: center;\"><a href=\"https:\/\/www.bdp-asgard.de\/WP\/?page_id=69\">Die Meute<\/a><\/p>\n<p style=\"text-align: center;\"><a href=\"https:\/\/www.bdp-asgard.de\/WP\/?page_id=72\">Der Stamm<\/a><\/p>\n<p style=\"text-align: center;\"><a href=\"https:\/\/www.bdp-asgard.de\/WP\/?page_id=88\">Yggdrasil<\/a><\/p>\n<\/div>\n<\/div>\n<\/div>\n<div class=\"clearfix\" style=\"text-align: center;\"><\/div>\n","protected":false},"excerpt":{"rendered":"<p>Wir sind eine Gruppe des Bund der Pfadfinderinnen und Pfadfinder e.V. und&nbsp;bieten ehrenamtliche Jugendarbeit f\u00fcr Kinder und Jugendliche. Dieses Internett\u00fcdel\u00fc soll euch \u00fcber die wichtigsten Dinge aus dem Stamm Asgard und Drumherum informieren. Ne Instagram- und ne Facebookseite haben wir \u00fcbrigens auch. Bei allen Fragen, wegen Grundst\u00fccksmiete, Materialverleih, Gruppenstunden oder Sonstigem wendet euch bitte an &hellip; <a href=\"https:\/\/www.bdp-asgard.de\/WP\/beispiel-seite\/\" class=\"more-link\"><span class=\"screen-reader-text\">\u00dcber Uns<\/span> weiterlesen <span class=\"meta-nav\">&rarr;<\/span><\/a><\/p>\n","protected":false},"author":1,"featured_media":0,"parent":0,"menu_order":10,"comment_status":"closed","ping_status":"closed","template":"","meta":{"footnotes":""},"class_list":["post-2","page","type-page","status-publish","hentry"],"_links":{"self":[{"href":"https:\/\/www.bdp-asgard.de\/WP\/wp-json\/wp\/v2\/pages\/2","targetHints":{"allow":["GET"]}}],"collection":[{"href":"https:\/\/www.bdp-asgard.de\/WP\/wp-json\/wp\/v2\/pages"}],"about":[{"href":"https:\/\/www.bdp-asgard.de\/WP\/wp-json\/wp\/v2\/types\/page"}],"author":[{"embeddable":true,"href":"https:\/\/www.bdp-asgard.de\/WP\/wp-json\/wp\/v2\/users\/1"}],"replies":[{"embeddable":true,"href":"https:\/\/www.bdp-asgard.de\/WP\/wp-json\/wp\/v2\/comments?post=2"}],"version-history":[{"count":19,"href":"https:\/\/www.bdp-asgard.de\/WP\/wp-json\/wp\/v2\/pages\/2\/revisions"}],"predecessor-version":[{"id":730,"href":"https:\/\/www.bdp-asgard.de\/WP\/wp-json\/wp\/v2\/pages\/2\/revisions\/730"}],"wp:attachment":[{"href":"https:\/\/www.bdp-asgard.de\/WP\/wp-json\/wp\/v2\/media?parent=2"}],"curies":[{"name":"wp","href":"https:\/\/api.w.org\/{rel}","templated":true}]}}